{"id":124,"date":"2020-01-27T20:07:41","date_gmt":"2020-01-27T19:07:41","guid":{"rendered":"http:\/\/www.laresistenza.it\/?page_id=124"},"modified":"2020-07-30T10:20:46","modified_gmt":"2020-07-30T08:20:46","slug":"elettrofolk","status":"publish","type":"page","link":"https:\/\/www.laresistenza.it\/?page_id=124","title":{"rendered":"Elettrofolk"},"content":{"rendered":"\n<p> Si chiama Elettrofolk il genere musicale promosso da La Resistenza.&nbsp; A met\u00e0 tra ricerca elettronica e musica acustica, rappresenta&nbsp;una piccola innovazione, essendo stati tra i primi a far cadere, nell&#8217;indie, la barriera che divide il tradizionale dal moderno. Utilizzare un synth per riprodurre uno strumento acustico non \u00e8 qualcosa da dissimulare, bens\u00ec una precisa scelta tesa a favorire la necessit\u00e0 emozionale&nbsp;prima di una ipotetica coerenza stilistica. Nel video sotto, sono i conduttori di Demo (Rai Radio Uno) a sintetizzare i fondamenti dell&#8217;Elettrofolk. <\/p>\n\n\n\n<figure class=\"wp-block-embed-youtube wp-block-embed is-type-video is-provider-youtube wp-embed-aspect-4-3 wp-has-aspect-ratio\"><div class=\"wp-block-embed__wrapper\">\n<iframe loading=\"lazy\" title=\"La Resistenza su Rai Radio Uno\" width=\"760\" height=\"570\" src=\"https:\/\/www.youtube.com\/embed\/YxeK_x6k_mU?feature=oembed\" frameborder=\"0\" allow=\"accelerometer; autoplay; encrypted-media; gyroscope; picture-in-picture\" allowfullscreen><\/iframe>\n<\/div><figcaption>Renato Marengo e Michael Pergolani descrivono l&#8217;elettrofolk de La Resistenza (Rai RadioUno)<\/figcaption><\/figure>\n<!-- AddThis Advanced Settings generic via filter on the_content --><!-- AddThis Share Buttons generic via filter on the_content -->","protected":false},"excerpt":{"rendered":"<p>Si chiama Elettrofolk il genere musicale promosso da La Resistenza.&nbsp; A met\u00e0 tra ricerca elettronica e musica acustica, rappresenta&nbsp;una piccola innovazione, essendo stati tra i primi a far cadere, nell&#8217;indie, la barriera che divide il tradizionale dal moderno. Utilizzare un synth per riprodurre uno strumento acustico non \u00e8 qualcosa da dissimulare, bens\u00ec una precisa scelta &hellip; <\/p>\n<p class=\"link-more\"><a href=\"https:\/\/www.laresistenza.it\/?page_id=124\" class=\"more-link\">Continue reading<span class=\"screen-reader-text\"> &#8220;Elettrofolk&#8221;<\/span><\/a><\/p>\n<p><!-- AddThis Advanced Settings generic via filter on get_the_excerpt --><!-- AddThis Share Buttons generic via filter on get_the_excerpt --><\/p>\n","protected":false},"author":1,"featured_media":0,"parent":76,"menu_order":0,"comment_status":"closed","ping_status":"closed","template":"template-full.php","meta":{"footnotes":""},"_links":{"self":[{"href":"https:\/\/www.laresistenza.it\/index.php?rest_route=\/wp\/v2\/pages\/124"}],"collection":[{"href":"https:\/\/www.laresistenza.it\/index.php?rest_route=\/wp\/v2\/pages"}],"about":[{"href":"https:\/\/www.laresistenza.it\/index.php?rest_route=\/wp\/v2\/types\/page"}],"author":[{"embeddable":true,"href":"https:\/\/www.laresistenza.it\/index.php?rest_route=\/wp\/v2\/users\/1"}],"replies":[{"embeddable":true,"href":"https:\/\/www.laresistenza.it\/index.php?rest_route=%2Fwp%2Fv2%2Fcomments&post=124"}],"version-history":[{"count":5,"href":"https:\/\/www.laresistenza.it\/index.php?rest_route=\/wp\/v2\/pages\/124\/revisions"}],"predecessor-version":[{"id":146,"href":"https:\/\/www.laresistenza.it\/index.php?rest_route=\/wp\/v2\/pages\/124\/revisions\/146"}],"up":[{"embeddable":true,"href":"https:\/\/www.laresistenza.it\/index.php?rest_route=\/wp\/v2\/pages\/76"}],"wp:attachment":[{"href":"https:\/\/www.laresistenza.it\/index.php?rest_route=%2Fwp%2Fv2%2Fmedia&parent=124"}],"curies":[{"name":"wp","href":"https:\/\/api.w.org\/{rel}","templated":true}]}}