{"id":299,"date":"2021-05-05T16:48:25","date_gmt":"2021-05-05T14:48:25","guid":{"rendered":"http:\/\/www.laresistenza.it\/?page_id=299"},"modified":"2021-07-14T18:44:03","modified_gmt":"2021-07-14T16:44:03","slug":"musica-2","status":"publish","type":"page","link":"https:\/\/www.laresistenza.it\/?page_id=299","title":{"rendered":"Musica (la canzone)"},"content":{"rendered":"<p><iframe loading=\"lazy\" width=\"100%\" height=\"166\" scrolling=\"no\" frameborder=\"no\" allow=\"autoplay\" src=\"https:\/\/w.soundcloud.com\/player\/?url=https%3A\/\/api.soundcloud.com\/tracks\/112557856&amp;color=%23ff5500&amp;auto_play=false&amp;hide_related=false&amp;show_comments=true&amp;show_user=true&amp;show_reposts=false&amp;show_teaser=true\"><\/iframe><\/p>\n\n\n\n<p>Cosa ci unisce pi\u00f9 della musica? \u00c8 questa la domanda che La Resistenza si pone in questa canzone. <\/p>\n\n\n\n<h4 class=\"has-text-align-center wp-block-heading\">Testo<\/h4>\n\n\n\n<p class=\"has-text-align-center\">\u00c8 arrivato il tempo di prenderti il tuo tempo<br>Di mettere da parte compromessi e bugie<br>Che ti sei raccontato in tutti questi anni<br>Cercando il momento giusto di fare i bagagli<br>Prendi carta e penna e arma la parola<br>Racconta in un libro chi sei stato sino ad ora<br>E non fartela raccontare da chi dice presto o tardi<br>L&#8217;amore e la poesia non cedono agli inganni degli anni<br>Che tu sia un ragazzino<br>O magari sia un vecchietto con un cuore da bambino<br>Non c&#8217;\u00e8 momento migliore per coltivare i propri sogni<br>Di quello inatteso, di quello che vivi<br>Ogni volta che lei ritorna, ogni volta che<br>Una musica nel fare ti asseconda ed \u00e8 sponda<br>Di tutto quello che ti accade non sar\u00e0 la soluzione<br>Ma non aggiunge male al male, dimmi<br>Cosa ci unisce pi\u00f9 della musica, musica?<br><br>Cosa ci unisce?<br>Cosa ci unisce pi\u00f9 della musica, musica?<br>Cosa ci unisce pi\u00f9 della musica, musica?<br>Cosa ci unisce?<br>Cosa ci unisce pi\u00f9 della musica, musica?<br><br>A chi il buonumore non ha fatto mai difetto<br>A te che hai messo in arte una carenza d&#8217;affetto<br>A chi crede nell&#8217;amore e nelle coppie di fatto<br>A te che non lo chiedi e dunque meriti rispetto<br>A chi oppone resistenza<br>A chi ha stonato almeno una volta sopra &#8220;Il cielo in una stanza&#8221;<br>A chi piange di gioia e non cede alla noia<br>E il veleno che ingoia gli d\u00e0 ancora voglia di vivere<br>Che bello che ti fa sorridere<br>Sar\u00e0 che forse abbiam scovato il tuo lato sensibile<br>Con cui condividere la domanda<br>Se a dividere non sia forse la politica, la chimica<br>La fede e poi l&#8217;onore<br>E tutta l&#8217;altra roba fatta di numeri e parole<br>Dove finiscono i problemi<br>\u00c8 l\u00ec che iniziano le note, dimmi\u2026<br><br>Cosa ci unisce pi\u00f9 della musica, musica?<br>Cosa ci unisce?<br>Cosa ci unisce pi\u00f9 della musica, musica?<br>Cosa ci unisce?<br>Cosa ci unisce pi\u00f9 della musica, musica?<br>\u00c8 lei che unisce!<br>Cosa ci unisce pi\u00f9 della musica, musica, musica, musica, musica, musica?<br>Cosa ci unisce pi\u00f9 della musica, musica?<br>Cosa ci unisce pi\u00f9 della musica, musica?<br>Cosa ci unisce pi\u00f9 della musica, musica?<br>Cosa ci unisce pi\u00f9 della musica, musica?<\/p>\n<!-- AddThis Advanced Settings generic via filter on the_content --><!-- AddThis Share Buttons generic via filter on the_content -->","protected":false},"excerpt":{"rendered":"<p>Cosa ci unisce pi\u00f9 della musica? \u00c8 questa la domanda che La Resistenza si pone in questa canzone. Testo \u00c8 arrivato il tempo di prenderti il tuo tempoDi mettere da parte compromessi e bugieChe ti sei raccontato in tutti questi anniCercando il momento giusto di fare i bagagliPrendi carta e penna e arma la parolaRacconta &hellip; <\/p>\n<p class=\"link-more\"><a href=\"https:\/\/www.laresistenza.it\/?page_id=299\" class=\"more-link\">Continue reading<span class=\"screen-reader-text\"> &#8220;Musica (la canzone)&#8221;<\/span><\/a><\/p>\n<p><!-- AddThis Advanced Settings generic via filter on get_the_excerpt --><!-- AddThis Share Buttons generic via filter on get_the_excerpt --><\/p>\n","protected":false},"author":1,"featured_media":0,"parent":0,"menu_order":0,"comment_status":"closed","ping_status":"closed","template":"","meta":{"footnotes":""},"_links":{"self":[{"href":"https:\/\/www.laresistenza.it\/index.php?rest_route=\/wp\/v2\/pages\/299"}],"collection":[{"href":"https:\/\/www.laresistenza.it\/index.php?rest_route=\/wp\/v2\/pages"}],"about":[{"href":"https:\/\/www.laresistenza.it\/index.php?rest_route=\/wp\/v2\/types\/page"}],"author":[{"embeddable":true,"href":"https:\/\/www.laresistenza.it\/index.php?rest_route=\/wp\/v2\/users\/1"}],"replies":[{"embeddable":true,"href":"https:\/\/www.laresistenza.it\/index.php?rest_route=%2Fwp%2Fv2%2Fcomments&post=299"}],"version-history":[{"count":5,"href":"https:\/\/www.laresistenza.it\/index.php?rest_route=\/wp\/v2\/pages\/299\/revisions"}],"predecessor-version":[{"id":639,"href":"https:\/\/www.laresistenza.it\/index.php?rest_route=\/wp\/v2\/pages\/299\/revisions\/639"}],"wp:attachment":[{"href":"https:\/\/www.laresistenza.it\/index.php?rest_route=%2Fwp%2Fv2%2Fmedia&parent=299"}],"curies":[{"name":"wp","href":"https:\/\/api.w.org\/{rel}","templated":true}]}}