{"id":320,"date":"2021-05-06T13:35:45","date_gmt":"2021-05-06T11:35:45","guid":{"rendered":"http:\/\/www.laresistenza.it\/?page_id=320"},"modified":"2021-06-26T19:13:44","modified_gmt":"2021-06-26T17:13:44","slug":"un-regalo-bellissimo","status":"publish","type":"page","link":"https:\/\/www.laresistenza.it\/?page_id=320","title":{"rendered":"Un regalo bellissimo"},"content":{"rendered":"\n<figure class=\"wp-block-embed is-type-video is-provider-youtube wp-block-embed-youtube wp-embed-aspect-16-9 wp-has-aspect-ratio\"><div class=\"wp-block-embed__wrapper\">\n<iframe loading=\"lazy\" title=\"La Resistenza - Un regalo bellissimo\" width=\"760\" height=\"428\" src=\"https:\/\/www.youtube.com\/embed\/9Ej-m-UE1JA?feature=oembed\" frameborder=\"0\" allow=\"accelerometer; autoplay; clipboard-write; encrypted-media; gyroscope; picture-in-picture\" allowfullscreen><\/iframe>\n<\/div><\/figure>\n\n\n\n<h5 class=\"has-text-align-center wp-block-heading\">Testo<\/h5>\n\n\n\n<p class=\"has-text-align-center\"><em>Un regalo bellissimo<\/em><\/p>\n\n\n\n<p class=\"has-text-align-center\">Venti giorni a Natale<br>Poche ore e sarai qui<br>Lo sciopero \u00e8 rientrato<br>Bene, allora a luned\u00ec<br>La valigia in un minuto<br>La farai e pensando a me<br>Scorderai il caricatore<br>Sulla scatola del t\u00e8<br><\/p>\n\n\n\n<p class=\"has-text-align-center\">Sar\u00e0 un regalo bellissimo<br>Per me<br>Queste vacanze lunghissime<br>Con te<\/p>\n\n\n\n<p class=\"has-text-align-center\">Dieci giorni a Natale<br>E succede che sei ancora l\u00ec<br>La segreteria ha sbagliato<br>Nuovo appello gioved\u00ec<br>Non dire non sei pronta<br>Non piangere perch\u00e9<br>\u00c8 da agosto che ripeti<br>L&#8217;ho imparata anch&#8217;io con te<\/p>\n\n\n\n<p class=\"has-text-align-center\">Sar\u00e0 un regalo bellissimo<br>Per me<br>Queste vacanze lunghissime<br>Con te<br>C&#8217;alzeremo prestissimo<br>Colazione io e te<br>E poi un giro fighissimo<br>Nanarana<\/p>\n\n\n\n<p class=\"has-text-align-center\">Cinque giorni a Natale<br>E ancora non sei qui<br>Sono scesi quasi tutti<br>Quasi tutti tranne te<br>La citt\u00e0 gi\u00e0 colorata<br>Non nevica da un po&#8217;<br>Sessione straordinaria<br>Sei passata oppure no<\/p>\n\n\n\n<p class=\"has-text-align-center\">Sar\u00e0 un regalo bellissimo<br>Per me<br>Queste vacanze lunghissime<br>Con te<br>C&#8217;alzeremo prestissimo<br>Colazione io e te<br>E poi un giro fighissimo<br>Cheapissimo<\/p>\n\n\n\n<p class=\"has-text-align-center\">E quelli che dicevano<br>Tra voi due non durer\u00e0<br>Non sanno la distanza<br>Porti in s\u00e9 la verit\u00e0<br>E a quelli che pensavano<br>Tra voi non funzioner\u00e0<br>Rispondiamo tutti in coro<br>Amore \u00e8 libert\u00e0<\/p>\n\n\n\n<p class=\"has-text-align-center\">Sarebbe stato bellissimo<br>Un regalo bellissimo<br>La spiegazione lunghissima<br>E non l&#8217;ho di certo in tasca<br>Ma guardami dritto negli occhi e dimmi<br>Che fai a Pasqua?<\/p>\n<!-- AddThis Advanced Settings generic via filter on the_content --><!-- AddThis Share Buttons generic via filter on the_content -->","protected":false},"excerpt":{"rendered":"<p>Testo Un regalo bellissimo Venti giorni a NatalePoche ore e sarai quiLo sciopero \u00e8 rientratoBene, allora a luned\u00ecLa valigia in un minutoLa farai e pensando a meScorderai il caricatoreSulla scatola del t\u00e8 Sar\u00e0 un regalo bellissimoPer meQueste vacanze lunghissimeCon te Dieci giorni a NataleE succede che sei ancora l\u00ecLa segreteria ha sbagliatoNuovo appello gioved\u00ecNon dire &hellip; <\/p>\n<p class=\"link-more\"><a href=\"https:\/\/www.laresistenza.it\/?page_id=320\" class=\"more-link\">Continue reading<span class=\"screen-reader-text\"> &#8220;Un regalo bellissimo&#8221;<\/span><\/a><\/p>\n<p><!-- AddThis Advanced Settings generic via filter on get_the_excerpt --><!-- AddThis Share Buttons generic via filter on get_the_excerpt --><\/p>\n","protected":false},"author":1,"featured_media":0,"parent":0,"menu_order":0,"comment_status":"closed","ping_status":"closed","template":"","meta":{"footnotes":""},"_links":{"self":[{"href":"https:\/\/www.laresistenza.it\/index.php?rest_route=\/wp\/v2\/pages\/320"}],"collection":[{"href":"https:\/\/www.laresistenza.it\/index.php?rest_route=\/wp\/v2\/pages"}],"about":[{"href":"https:\/\/www.laresistenza.it\/index.php?rest_route=\/wp\/v2\/types\/page"}],"author":[{"embeddable":true,"href":"https:\/\/www.laresistenza.it\/index.php?rest_route=\/wp\/v2\/users\/1"}],"replies":[{"embeddable":true,"href":"https:\/\/www.laresistenza.it\/index.php?rest_route=%2Fwp%2Fv2%2Fcomments&post=320"}],"version-history":[{"count":2,"href":"https:\/\/www.laresistenza.it\/index.php?rest_route=\/wp\/v2\/pages\/320\/revisions"}],"predecessor-version":[{"id":452,"href":"https:\/\/www.laresistenza.it\/index.php?rest_route=\/wp\/v2\/pages\/320\/revisions\/452"}],"wp:attachment":[{"href":"https:\/\/www.laresistenza.it\/index.php?rest_route=%2Fwp%2Fv2%2Fmedia&parent=320"}],"curies":[{"name":"wp","href":"https:\/\/api.w.org\/{rel}","templated":true}]}}