{"id":325,"date":"2021-05-07T12:13:20","date_gmt":"2021-05-07T10:13:20","guid":{"rendered":"http:\/\/www.laresistenza.it\/?page_id=325"},"modified":"2024-09-27T13:16:15","modified_gmt":"2024-09-27T11:16:15","slug":"assesso","status":"publish","type":"page","link":"https:\/\/www.laresistenza.it\/?page_id=325","title":{"rendered":"Assess\u00f2"},"content":{"rendered":"\n<p>Il malcostume di certa politica. Tutto in una canzone. Tutto questo \u00e8 Assess\u00f2.<\/p>\n\n\n<p><iframe loading=\"lazy\" width=\"100%\" height=\"166\" scrolling=\"no\" frameborder=\"no\" allow=\"autoplay\" src=\"https:\/\/w.soundcloud.com\/player\/?url=https%3A\/\/api.soundcloud.com\/tracks\/47781708&amp;color=%23ff5500&amp;auto_play=false&amp;hide_related=false&amp;show_comments=true&amp;show_user=true&amp;show_reposts=false&amp;show_teaser=true\"><\/iframe><\/p>\n\n\n\n<div class=\"wp-block-columns is-layout-flex wp-container-core-columns-is-layout-1 wp-block-columns-is-layout-flex\">\n<div class=\"wp-block-column is-layout-flow wp-block-column-is-layout-flow\">\n<h5 class=\"wp-block-heading has-text-align-right\">Testo originale<\/h5>\n\n\n\n<p class=\"has-text-align-right\"><strong><em>Assess\u00f2<\/em><\/strong><\/p>\n\n\n\n<p class=\"has-text-align-right\">Quanti prumessi, quanti prumessi<br>E quantu fiatu tieni &#8216;ncora a mminari<br>E quanti facci e quanti maschiri<br>Nc&#8217;\u00e8 quedda allegra pi lli vagnuni<br>E quedda tristi pi ll&#8217;anziani<\/p>\n\n\n\n<p class=\"has-text-align-right\">A quanti porti sa&#8217; tuzzari<br>Milli posti nda giurati<br>Tantu poi te l&#8217;ha scurdari<br>E quanti sordi e quanti poltroni<br>Vu\u00e8 futti senza ccu dai cuntu<br>A ci ora si sta conta<\/p>\n\n\n\n<p class=\"has-text-align-right\">E stamu qua<br>La politica non \u00e8 nn&#8217;opinioni<br>E stamu qua<br>Ma nna scelta sociali<br>E stamu qua<br>La politica non \u00e8 nna staggioni<br>E stamu qua<br>Ca si perdi cu la prossima ilizioni<\/p>\n\n\n\n<p class=\"has-text-align-right\">Quanti spiranzi ha cancillari<br>Cu nnu gestu ti la manu<br>Tantu poi te l&#8217;ha lavari<br>E quanti seri bbinchi dda panza<br>Sittatu &#8216;ntra nnu risturanti<br>Mentri Beppi Junior canta<\/p>\n\n\n\n<p class=\"has-text-align-right\">E cce saluti?! E cce mi riti?!<br>So&#8217; cristianu e nno rispondu<br>No&#8217; vulia ccu ti risienti<br>E quanti notti ha passari<br>Durmendu cu nnu uecchi sulu<br>No sa&#8217; mai ci po&#8217; rrivari<\/p>\n\n\n\n<p class=\"has-text-align-right\">E stamu qua<br>La politica non \u00e8 nn&#8217;opinioni<br>E stamu qua<br>Ma nna scelta sociali<br>E stamu qua<br>La politica non \u00e8 nna staggioni<br>E stamu qua<br>Ca si perdi cu la prossima ilizioni<\/p>\n\n\n\n<p class=\"has-text-align-right\">E no&#8217; dummandi mai comu stau<br>Ti l&#8217;ilizioni mi capisci<br>E osci mancu mi canusci<br>Alli cumizi \u00e8 nna magia<br>Ma li paroli senza fatti<br>So lanzuli senza lietti<\/p>\n\n\n\n<p class=\"has-text-align-right\">E stamu qua<br>E stamu qua<br>E stamu qua<br>E stamu qua<br>E stamu qua<br>E stamu qua<br>E stamu qua<br>E stamu qua, qua, qua<br>E stamu qua<\/p>\n<\/div>\n\n\n\n<div class=\"wp-block-column is-layout-flow wp-block-column-is-layout-flow\">\n<h5 class=\"wp-block-heading\">Traduzione<\/h5>\n\n\n\n<p><strong><em>Assessore<\/em><\/strong><\/p>\n\n\n\n<p>Quante promesse, quante promesse<br>E quanto fiato hai ancora da sprecare<br>E quante facce e quante maschere<br>C&#8217;\u00e8 quella allegra per i ragazzi<br>E quella mesta per gli anziani<\/p>\n\n\n\n<p>A quante porte sai bussare<br>Mille posti ci hai giurato<br>Tanto lo dimenticherai<br>E quanti soldi e quante poltrone<br>Vuoi rubare ancora senza dar conto<br>A chi oggi si sta contando<\/p>\n\n\n\n<p>E siamo qua<br>La politica non \u00e8 un&#8217;opinione<br>E siamo qua<br>Ma una scelta sociale<br>E siamo qua<br>La politica non \u00e8 una stagione<br>E siamo qua<br>Che si perde con la prossima elezione<\/p>\n\n\n\n<p>Quante speranze hai da cancellare<br>Con un gesto della mano<br>Tanto poi la laverai<br>E quante sere riempi quella pancia<br>Seduto dentro un ristorante<br>Mentre Beppe Junior canta<\/p>\n\n\n\n<p>E che saluti?! E che hai da ridere?!<br>Sono serio e non rispondo<br>Non vorrei ti risentissi<br>E quante notti passerai<br>Dormendo con un occhio solo<br>Non sai mai chi pu\u00f2 arrivare<\/p>\n\n\n\n<p>E siamo qua<br>La politica non \u00e8 un&#8217;opinione<br>E siamo qua<br>Ma una scelta sociale<br>E siamo qua<br>La politica non \u00e8 una stagione<br>E siamo qua<br>Che si perde con la prossima elezione<\/p>\n\n\n\n<p>E non domandi mai come sto<br>Per le elezioni mi compatisci<br>E oggi neanche mi conosci<br>Ai comizi \u00e8 tutto una magia<br>Ma le parole senza fatti<br>Sono lenzuola senza letti<\/p>\n\n\n\n<p>E siamo qua<br>E siamo qua<br>E siamo qua<br>E siamo qua<br>E siamo qua<br>E siamo qua<br>E siamo qua<br>E siamo qua, qua, qua<br>E siamo qua<\/p>\n<\/div>\n<\/div>\n\n\n\n<h5 class=\"wp-block-heading\">Credits<\/h5>\n\n\n\n<ul>\n<li><a href=\"https:\/\/www.laresistenza.it\/?page_id=234\" data-type=\"link\" data-id=\"https:\/\/www.laresistenza.it\/?page_id=234\">Enrico Cervellera<\/a>: Testo, Musica, Voce, Piano, Backing vocals, Synth, Arrangiamento, Programmazione, Missaggio<\/li>\n\n\n\n<li><a href=\"https:\/\/www.laresistenza.it\/?page_id=512\" data-type=\"link\" data-id=\"https:\/\/www.laresistenza.it\/?page_id=512\">Emanuele Raganato<\/a>: Sassofono<\/li>\n\n\n\n<li><a href=\"https:\/\/www.laresistenza.it\/?page_id=582\" data-type=\"page\" data-id=\"582\">Angelo Milone<\/a>: Guiro &#8211; Lavaturu<\/li>\n\n\n\n<li><a href=\"https:\/\/www.laresistenza.it\/?page_id=454\" data-type=\"link\" data-id=\"https:\/\/www.laresistenza.it\/?page_id=454\">Rino Marino<\/a>: Missaggio e Mastering<\/li>\n<\/ul>\n<!-- AddThis Advanced Settings generic via filter on the_content --><!-- AddThis Share Buttons generic via filter on the_content -->","protected":false},"excerpt":{"rendered":"<p>Il malcostume di certa politica. Tutto in una canzone. Tutto questo \u00e8 Assess\u00f2. Testo originale Assess\u00f2 Quanti prumessi, quanti prumessiE quantu fiatu tieni &#8216;ncora a mminariE quanti facci e quanti maschiriNc&#8217;\u00e8 quedda allegra pi lli vagnuniE quedda tristi pi ll&#8217;anziani A quanti porti sa&#8217; tuzzariMilli posti nda giuratiTantu poi te l&#8217;ha scurdariE quanti sordi e &hellip; <\/p>\n<p class=\"link-more\"><a href=\"https:\/\/www.laresistenza.it\/?page_id=325\" class=\"more-link\">Continue reading<span class=\"screen-reader-text\"> &#8220;Assess\u00f2&#8221;<\/span><\/a><\/p>\n<p><!-- AddThis Advanced Settings generic via filter on get_the_excerpt --><!-- AddThis Share Buttons generic via filter on get_the_excerpt --><\/p>\n","protected":false},"author":1,"featured_media":0,"parent":0,"menu_order":0,"comment_status":"closed","ping_status":"closed","template":"","meta":{"footnotes":""},"_links":{"self":[{"href":"https:\/\/www.laresistenza.it\/index.php?rest_route=\/wp\/v2\/pages\/325"}],"collection":[{"href":"https:\/\/www.laresistenza.it\/index.php?rest_route=\/wp\/v2\/pages"}],"about":[{"href":"https:\/\/www.laresistenza.it\/index.php?rest_route=\/wp\/v2\/types\/page"}],"author":[{"embeddable":true,"href":"https:\/\/www.laresistenza.it\/index.php?rest_route=\/wp\/v2\/users\/1"}],"replies":[{"embeddable":true,"href":"https:\/\/www.laresistenza.it\/index.php?rest_route=%2Fwp%2Fv2%2Fcomments&post=325"}],"version-history":[{"count":7,"href":"https:\/\/www.laresistenza.it\/index.php?rest_route=\/wp\/v2\/pages\/325\/revisions"}],"predecessor-version":[{"id":975,"href":"https:\/\/www.laresistenza.it\/index.php?rest_route=\/wp\/v2\/pages\/325\/revisions\/975"}],"wp:attachment":[{"href":"https:\/\/www.laresistenza.it\/index.php?rest_route=%2Fwp%2Fv2%2Fmedia&parent=325"}],"curies":[{"name":"wp","href":"https:\/\/api.w.org\/{rel}","templated":true}]}}