{"id":394,"date":"2021-05-18T08:00:09","date_gmt":"2021-05-18T06:00:09","guid":{"rendered":"http:\/\/www.laresistenza.it\/?page_id=394"},"modified":"2024-09-29T10:37:15","modified_gmt":"2024-09-29T08:37:15","slug":"muviti-cu-mmei","status":"publish","type":"page","link":"https:\/\/www.laresistenza.it\/?page_id=394","title":{"rendered":"Muviti cu mmei"},"content":{"rendered":"<p><iframe loading=\"lazy\" width=\"100%\" height=\"166\" scrolling=\"no\" frameborder=\"no\" allow=\"autoplay\" src=\"https:\/\/w.soundcloud.com\/player\/?url=https%3A\/\/api.soundcloud.com\/tracks\/47781715&amp;color=%23ff5500&amp;auto_play=false&amp;hide_related=false&amp;show_comments=true&amp;show_user=true&amp;show_reposts=false&amp;show_teaser=true\"><\/iframe><\/p>\n\n\n\n<div class=\"wp-block-columns is-layout-flex wp-container-core-columns-is-layout-1 wp-block-columns-is-layout-flex\">\n<div class=\"wp-block-column is-layout-flow wp-block-column-is-layout-flow\">\n<h5 class=\"wp-block-heading has-text-align-right\">Testo originale<\/h5>\n\n\n\n<p class=\"has-text-align-right\"><em><strong>Muviti cu mmei<\/strong><\/em><\/p>\n\n\n\n<p class=\"has-text-align-right\">Resta sempri seria<br>Cu li uecchi all&#8217;infinitu<br>No&#8217; ti saluta<br>Mancu ci nci nchiani sobbra<br>Mistiriosa<br>Cu ddummandi sempri &#8216;a ffari<br>Ma no stai a sint\u00ecri<br>La risposta \u00e8 n&#8217;accessoriu<\/p>\n\n\n\n<p class=\"has-text-align-right\">Inutili<br>Comu li robbi<br>Ca si mmena sobbra<br>Inutili<br>Com&#8217;\u00e8 convinta<br>Ca eti puru bbona<br>Inutili<br>Comu niscinu po &#8216;mmagginari<br>Inutili, inutili<\/p>\n\n\n\n<p class=\"has-text-align-right\">Muviti cu mmei<br>Muviti cu mmei<br>Muviti cu mmei<br>Muviti cu mmei<\/p>\n\n\n\n<p class=\"has-text-align-right\">A casa \u00e8 nnu cagnulu<br>Ca mammasa la stroppia<br>Ci no&#8217; llava \u2018n terra<br>E no&#8217; ffaci la cristiana<br>Quandu rria la notti<br>Poi si trucca ti signura<br>\u2018Ntra locali alla mota<br>Faci l&#8217;alternativa<\/p>\n\n\n\n<p class=\"has-text-align-right\">Inutili<br>Inutili<br>Lu cafei a menzanotti<br>Inutili<br>Cu resisti puru a sta canzoni<br>Tuttu inutili<br>Inutili<br>E allora<\/p>\n\n\n\n<p class=\"has-text-align-right\">Muviti cu mmei<br>Muviti cu mmei<br>Muviti cu mmei<br>Muviti cu mmei<\/p>\n\n\n\n<p class=\"has-text-align-right\">Muviti, muviti<br>Muviti, muviti<br>Muviti, muviti<br>Muviti<br>Muviti cu mmei<br>Muviti cu mmei<\/p>\n\n\n\n<p class=\"has-text-align-right\">Puzza sottu lu nasu<br>Nasu ti nnu pechinesi<br>Se la tira totta<br>Comu ci lu mondu \u00e8 sua,<br>La televisioni \u00e8 la sola religioni<br>Tra Grandi Fratelli<br>E ricetti pi Natali<\/p>\n\n\n\n<p class=\"has-text-align-right\">Inutili<br>Comu sapiri c&#8217;\u00e8 ggiurnu \u00e8 Pasca<br>Inutili<br>Comu li sali ntra nna vasca<br>Inutili<br>Comu lu fessa ca ti ccumpagna<br>Tuttu inutili<br>Inutili<br>E allora<\/p>\n\n\n\n<p class=\"has-text-align-right\">Muviti cu mmei<br>Muviti cu mmei<br>Muviti cu mmei<br>Muviti cu mmei<\/p>\n\n\n\n<p class=\"has-text-align-right\">\u00c8 cangiata<br>Mo ti uarda \u2018ntra lli uecchi<br>E ti saluta<br>Puru ci nci stai luntanu<br>Cchiu sincera<br>Ti lu vinu casaluru<br>Non ndi fa ritiri<br>\u00c8 tutta nna cummedia<\/p>\n\n\n\n<p class=\"has-text-align-right\">Inutili<br>Inutili<br>Inutili<br>Inutili<\/p>\n\n\n\n<p class=\"has-text-align-right\">Muviti cu mmei<br>Muviti cu mmei<br>Muviti cu mmei<br>Muviti cu mmei<\/p>\n\n\n\n<p class=\"has-text-align-right\">Muviti, muviti<br>Muviti, muviti<br>Muviti, muviti<br>Muviti, muviti<br>Muviti, muviti<br>Muviti, muviti<br>Muviti, muviti<br>Muviti<br>Muviti cu mmei<br>Muviti cu mmei<br>Muviti cu mmei<br>E allora<br>Muviti cu mmei<\/p>\n<\/div>\n\n\n\n<div class=\"wp-block-column is-layout-flow wp-block-column-is-layout-flow\">\n<h5 class=\"wp-block-heading\">Traduzione<\/h5>\n\n\n\n<p class=\"has-text-align-left\"><strong><em>Balla con me<\/em><\/strong><\/p>\n\n\n\n<p>Sempre seriosa<br>Con gli occhi persi<br>Non ti saluta<br>Neanche se la incroci<br>Misteriosa<br>Con domande sempre in tasca<br>Ma non ascolta<br>La risposta \u00e8 un accessorio<\/p>\n\n\n\n<p>Inutile<br>Come i vestiti firmati<br>Che indossa<br>Inutile<br>Come la sua convinzione<br>Di essere bellissima<br>Inutile<br>Come nessuno pu\u00f2 immaginare<br>Inutile, inutile<\/p>\n\n\n\n<p>Balla con me<br>Balla con me<br>Balla con me<br>Balla con me<\/p>\n\n\n\n<p>A casa \u00e8 disponibile<br>Con sua madre non si scherza<br>Se non lava il pavimento<br>E non si d\u00e0 da fare<br>Quando arriva la sera<br>Si trucca da signora<br>In locali alla moda<br>Si finge trasgressiva<\/p>\n\n\n\n<p>Inutile<br>Inutile<br>Il caff\u00e8 a mezzanotte<br>Inutile<br>Resistere a questa canzone<br>Tutto inutile<br>Inutile<br>E allora<\/p>\n\n\n\n<p>Balla con me<br>Balla con me<br>Balla con me<br>Balla con me<\/p>\n\n\n\n<p>Balla, balla<br>Balla, balla<br>Balla, balla<br>Balla<br>Balla con me<br>Balla con me<\/p>\n\n\n\n<p>Puzza sotto al naso<br>Un naso piccolino<br>Si d\u00e0 arie come<br>Neanche il mondo fosse suo<br>La televisione \u00e8 la sola religione<br>Tra reality<br>E ricette per Natrale<\/p>\n\n\n\n<p>Inutile<br>Come sapere che giorno \u00e8 Pasqua<br>Inutile<br>Come i sali in una vasca<br>Inutile<br>Come il tipo cui ti accompagni<br>Tutto inutile<br>Inutile<br>E allora<\/p>\n\n\n\n<p>Balla con me<br>Balla con me<br>Balla con me<br>Balla con me<\/p>\n\n\n\n<p>E&#8217; cambiata<br>Ora ti guarda negli occhi,<br>E ti saluta<br>Anche da lontano,<br>Pi\u00f9 vera<br>Di un vino fatto in casa<br>Non farmi ridere<br>\u00c8 tutta una commedia<\/p>\n\n\n\n<p>Inutile<br>Inutile<br>Inutile<br>Inutile<\/p>\n\n\n\n<p>Balla con me<br>Balla con me<br>Balla con me<br>Balla con me<\/p>\n\n\n\n<p>Balla, balla<br>Balla, balla<br>Balla, balla<br>Balla, balla<br>Balla, balla<br>Balla, balla<br>Balla, balla<br>Balla<br>Balla con me<br>Balla con me<br>Balla con me<br>E allora<br>Balla con me<\/p>\n<\/div>\n<\/div>\n\n\n\n<h5 class=\"wp-block-heading\">Credits<\/h5>\n\n\n\n<ul>\n<li><a href=\"https:\/\/www.laresistenza.it\/?page_id=234\" data-type=\"page\" data-id=\"234\">Enrico Cervellera<\/a>: Testo, Musica, Voce, Synth, Backing vocals, Vocoder, Arrangiamento, Programmazione, Missaggio<\/li>\n\n\n\n<li><a href=\"https:\/\/www.laresistenza.it\/?page_id=512\" data-type=\"page\" data-id=\"512\">Emanuele Raganato<\/a>: Sassofono, Tromba<\/li>\n\n\n\n<li><a href=\"https:\/\/www.laresistenza.it\/chi-siamo\/angelo-milone\/\" data-type=\"page\" data-id=\"582\">Angelo<\/a><a href=\"https:\/\/www.laresistenza.it\/?page_id=582\" data-type=\"page\" data-id=\"582\"> <\/a><a href=\"https:\/\/www.laresistenza.it\/chi-siamo\/angelo-milone\/\" data-type=\"page\" data-id=\"582\">Milone<\/a>: Djembe<\/li>\n\n\n\n<li><a href=\"https:\/\/www.laresistenza.it\/?page_id=454\" data-type=\"page\" data-id=\"454\">Rino Marino<\/a>: Missaggio, Mastering<\/li>\n\n\n\n<li>Francesco Mangialardo: Batteria<\/li>\n<\/ul>\n<!-- AddThis Advanced Settings generic via filter on the_content --><!-- AddThis Share Buttons generic via filter on the_content -->","protected":false},"excerpt":{"rendered":"<p>Testo originale Muviti cu mmei Resta sempri seriaCu li uecchi all&#8217;infinituNo&#8217; ti salutaMancu ci nci nchiani sobbraMistiriosaCu ddummandi sempri &#8216;a ffariMa no stai a sint\u00ecriLa risposta \u00e8 n&#8217;accessoriu InutiliComu li robbiCa si mmena sobbraInutiliCom&#8217;\u00e8 convintaCa eti puru bbonaInutiliComu niscinu po &#8216;mmagginariInutili, inutili Muviti cu mmeiMuviti cu mmeiMuviti cu mmeiMuviti cu mmei A casa \u00e8 nnu &hellip; <\/p>\n<p class=\"link-more\"><a href=\"https:\/\/www.laresistenza.it\/?page_id=394\" class=\"more-link\">Continue reading<span class=\"screen-reader-text\"> &#8220;Muviti cu mmei&#8221;<\/span><\/a><\/p>\n<p><!-- AddThis Advanced Settings generic via filter on get_the_excerpt --><!-- AddThis Share Buttons generic via filter on get_the_excerpt --><\/p>\n","protected":false},"author":1,"featured_media":0,"parent":0,"menu_order":0,"comment_status":"closed","ping_status":"closed","template":"","meta":{"footnotes":""},"_links":{"self":[{"href":"https:\/\/www.laresistenza.it\/index.php?rest_route=\/wp\/v2\/pages\/394"}],"collection":[{"href":"https:\/\/www.laresistenza.it\/index.php?rest_route=\/wp\/v2\/pages"}],"about":[{"href":"https:\/\/www.laresistenza.it\/index.php?rest_route=\/wp\/v2\/types\/page"}],"author":[{"embeddable":true,"href":"https:\/\/www.laresistenza.it\/index.php?rest_route=\/wp\/v2\/users\/1"}],"replies":[{"embeddable":true,"href":"https:\/\/www.laresistenza.it\/index.php?rest_route=%2Fwp%2Fv2%2Fcomments&post=394"}],"version-history":[{"count":3,"href":"https:\/\/www.laresistenza.it\/index.php?rest_route=\/wp\/v2\/pages\/394\/revisions"}],"predecessor-version":[{"id":990,"href":"https:\/\/www.laresistenza.it\/index.php?rest_route=\/wp\/v2\/pages\/394\/revisions\/990"}],"wp:attachment":[{"href":"https:\/\/www.laresistenza.it\/index.php?rest_route=%2Fwp%2Fv2%2Fmedia&parent=394"}],"curies":[{"name":"wp","href":"https:\/\/api.w.org\/{rel}","templated":true}]}}