{"id":418,"date":"2021-05-26T06:57:56","date_gmt":"2021-05-26T04:57:56","guid":{"rendered":"http:\/\/www.laresistenza.it\/?page_id=418"},"modified":"2021-05-26T06:57:57","modified_gmt":"2021-05-26T04:57:57","slug":"non-credere","status":"publish","type":"page","link":"https:\/\/www.laresistenza.it\/?page_id=418","title":{"rendered":"Non credere"},"content":{"rendered":"<p><iframe loading=\"lazy\" width=\"100%\" height=\"166\" scrolling=\"no\" frameborder=\"no\" allow=\"autoplay\" src=\"https:\/\/w.soundcloud.com\/player\/?url=https%3A\/\/api.soundcloud.com\/tracks\/426208332&#038;color=%23ff5500&#038;auto_play=false&#038;hide_related=false&#038;show_comments=true&#038;show_user=true&#038;show_reposts=false&#038;show_teaser=true\"><\/iframe><\/p>\n\n\n\n<h4 class=\"has-text-align-center wp-block-heading\">Testo<\/h4>\n\n\n\n<p class=\"has-text-align-center\">Saprei benissimo cosa dire<br>Nell&#8217;immediato dopo gara<br>Che \u201cla colpa \u00e8 solo mia<br>Se la squadra \u00e8 parsa un po&#8217; imballata\u201d<br>E &#8220;arrivavano sempre prima loro\u201d<br>\u201cBisogna essere al 110%\u201d<br>\u201cQuando giochi con certi avversari<br>Non basta mica stare attento&#8221;<\/p>\n\n\n\n<p class=\"has-text-align-center\">Saprei benissimo come illudere<br>Il turista della domenica<br>E cosa dire nelle previsioni<br>Che preludono a pasquetta o giornata endemica<br>Che &#8220;il tempo sar\u00e0 incerto<br>Ma le schiarite non mancheranno\u201d<br>Che non bisogna rammaricarsi<br>Perch\u00e9 le cose cambieranno<br>Cambieranno<\/p>\n\n\n\n<p class=\"has-text-align-center\">Non credere<br>A quella bugia<br>Che tutto quanto ancora pu\u00f2 succedere<br>Na, na, na<br>No, non credere<br>A quella teoria<br>Nel paese della bugia<br>La verit\u00e0 \u00e8 una malattia<\/p>\n\n\n\n<p class=\"has-text-align-center\">Saprei benissimo anticipare<br>L&#8217;uscita del mio nuovo disco<br>Direi &#8220;erano anni che volevo farne<br>Uno che suonasse un p\u00f2 diverso<br>Senza giri di parole<br>O metafore eccezionali<br>Fatto di corde metallo e sudore&#8221;<br>E anche tu sei un cantautore<\/p>\n\n\n\n<p class=\"has-text-align-center\">Saprei benissimo giustificare<br>I ritardi nell&#8217;intervento<br>Che &#8220;i soccorsi erano nel traffico e in fondo<br>Sono arrivati per tempo<br>Che poi l\u00ec c&#8217;era poco da fare<br>Solo costatarne il decesso&#8221;<br>Quando ogni forma di piet\u00e0<br>\u00c8 scivolata gi\u00f9 nel cesso<br>\u00c8 scivolata<\/p>\n\n\n\n<p class=\"has-text-align-center\">Non credere<br>A quella bugia<br>Che tutto quanto ancora pu\u00f2 succedere<br>Na, na, na<br>No, non credere<br>A quella teoria<br>Nel paese della bugia<br>La verit\u00e0 \u00e8 una malattia<\/p>\n\n\n\n<p class=\"has-text-align-center\">Non credere<br>A quella bugia<br>Che tutto quanto ancora pu\u00f2 succedere<br>Na, na, na<br>Su, no, non credere<br>A quella teoria<br>Nel paese della bugia<br>La verit\u00e0 \u00e8 una malattia<\/p>\n<!-- AddThis Advanced Settings generic via filter on the_content --><!-- AddThis Share Buttons generic via filter on the_content -->","protected":false},"excerpt":{"rendered":"<p>Testo Saprei benissimo cosa direNell&#8217;immediato dopo garaChe \u201cla colpa \u00e8 solo miaSe la squadra \u00e8 parsa un po&#8217; imballata\u201dE &#8220;arrivavano sempre prima loro\u201d\u201cBisogna essere al 110%\u201d\u201cQuando giochi con certi avversariNon basta mica stare attento&#8221; Saprei benissimo come illudereIl turista della domenicaE cosa dire nelle previsioniChe preludono a pasquetta o giornata endemicaChe &#8220;il tempo sar\u00e0 incertoMa &hellip; <\/p>\n<p class=\"link-more\"><a href=\"https:\/\/www.laresistenza.it\/?page_id=418\" class=\"more-link\">Continue reading<span class=\"screen-reader-text\"> &#8220;Non credere&#8221;<\/span><\/a><\/p>\n<p><!-- AddThis Advanced Settings generic via filter on get_the_excerpt --><!-- AddThis Share Buttons generic via filter on get_the_excerpt --><\/p>\n","protected":false},"author":1,"featured_media":0,"parent":0,"menu_order":0,"comment_status":"closed","ping_status":"closed","template":"","meta":{"footnotes":""},"_links":{"self":[{"href":"https:\/\/www.laresistenza.it\/index.php?rest_route=\/wp\/v2\/pages\/418"}],"collection":[{"href":"https:\/\/www.laresistenza.it\/index.php?rest_route=\/wp\/v2\/pages"}],"about":[{"href":"https:\/\/www.laresistenza.it\/index.php?rest_route=\/wp\/v2\/types\/page"}],"author":[{"embeddable":true,"href":"https:\/\/www.laresistenza.it\/index.php?rest_route=\/wp\/v2\/users\/1"}],"replies":[{"embeddable":true,"href":"https:\/\/www.laresistenza.it\/index.php?rest_route=%2Fwp%2Fv2%2Fcomments&post=418"}],"version-history":[{"count":1,"href":"https:\/\/www.laresistenza.it\/index.php?rest_route=\/wp\/v2\/pages\/418\/revisions"}],"predecessor-version":[{"id":419,"href":"https:\/\/www.laresistenza.it\/index.php?rest_route=\/wp\/v2\/pages\/418\/revisions\/419"}],"wp:attachment":[{"href":"https:\/\/www.laresistenza.it\/index.php?rest_route=%2Fwp%2Fv2%2Fmedia&parent=418"}],"curies":[{"name":"wp","href":"https:\/\/api.w.org\/{rel}","templated":true}]}}