{"id":421,"date":"2021-05-26T06:59:26","date_gmt":"2021-05-26T04:59:26","guid":{"rendered":"http:\/\/www.laresistenza.it\/?page_id=421"},"modified":"2024-09-29T10:38:43","modified_gmt":"2024-09-29T08:38:43","slug":"natali","status":"publish","type":"page","link":"https:\/\/www.laresistenza.it\/?page_id=421","title":{"rendered":"Natali"},"content":{"rendered":"<p><iframe loading=\"lazy\" width=\"100%\" height=\"166\" scrolling=\"no\" frameborder=\"no\" allow=\"autoplay\" src=\"https:\/\/w.soundcloud.com\/player\/?url=https%3A\/\/api.soundcloud.com\/tracks\/47781717&amp;color=%23ff5500&amp;auto_play=false&amp;hide_related=false&amp;show_comments=true&amp;show_user=true&amp;show_reposts=false&amp;show_teaser=true\"><\/iframe><\/p>\n\n\n\n<div class=\"wp-block-columns is-layout-flex wp-container-core-columns-is-layout-1 wp-block-columns-is-layout-flex\">\n<div class=\"wp-block-column is-layout-flow wp-block-column-is-layout-flow\">\n<h5 class=\"wp-block-heading has-text-align-right\">Testo originale<\/h5>\n\n\n\n<p class=\"has-text-align-right\"><em>Natali<\/em><\/p>\n\n\n\n<p class=\"has-text-align-right\">Babbu Natali<br>St&#8217;annu no&#8217; ffatiari<br>Tinci allu patrunu<br>Ca ti pu\u00e8 penziunari<br>Cu ddomila anni<br>Ti ggiusti contributi<br>\u00c8 ora tti rilassi<br>E ccu lassi alli vagnuni<br>Passa la manu<br>Non \u00e8 nna sconfitta<br>No&#8217; ti &#8216;ncapun\u00ec<br>La tua Lapponia &#8216;spetta<br>Certu non \u00e8 sulu<br>Malavolont\u00e0<br>Ma sta la leggi<br>\u00c8 la leggi<br>Prima o poi<br>Ava cangi\u00e0<\/p>\n\n\n\n<p class=\"has-text-align-right\">No ssi &#8216;mbiancunu<br>Li strati ddo nui<br>Natali &#8216;sploti<br>Solu pi tradizioni<br>Ti ssietti &#8216;n taula<br>Cu tti &#8216;nquarti ti rrei<br>E nci sta&#8217; &#8216;ncora<br>Ci ti fami mori<\/p>\n\n\n\n<p class=\"has-text-align-right\">Ncununu vai alla messa<br>Pi spitticulari<br>Cummari &#8216;nvidiusi<br>Si scangiunu rricali<br>\u00c8 nna vita<br>Ca si tagghiunu<br>Ti cretu<br>Ma sontu amichi<br>Quandu scendi Natali<\/p>\n\n\n\n<p class=\"has-text-align-right\">Sott&#8217;alla villa<br>Giuvint\u00f9 &#8216;ntulittata<br>Faci la gara<br>A ci vai cunzatu megghiu<br>Puru pi st&#8217;annu<br>Primu non ci rriu<br>Ma sierma<br>Teni facci<br>Ccu si uarda<br>&#8216;Ntra llu specchiu<\/p>\n\n\n\n<p class=\"has-text-align-right\">La dignit\u00e0 cchiu grandi<br>\u00c8 ccu ti sa ccuntintari<br>Ccu passi gli anni<br>Cu no tti ccuntienti mai<br>E mentri spieri<br>Cu rria la vota bona<br>\u00c8 quedda bona<br>Ca ti minti &#8216;ntra lli uai<\/p>\n\n\n\n<p class=\"has-text-align-right\">Babbu Natali<br>St&#8217;annu no&#8217; ffatiari<br>Tinci allu patrunu<br>Ca ti pu\u00e8 penziunari<br>Cu ddomila anni<br>Ti ggiusti contributi<br>\u00c8 ora tti rilassi<br>E ccu lassi alli vagnuni<br>Passa la manu<br>Non \u00e8 nna sconfitta<br>No&#8217; ti &#8216;ncapun\u00ec<br>La tua Lapponia &#8216;spetta<br>Certu non \u00e8 sulu<br>Malavolont\u00e0<br>Ma sta la leggi<br>\u00c8 la leggi<br>Prima o poi<br>Ava cangi\u00e0<\/p>\n\n\n\n<p class=\"has-text-align-right\">Quandu nasci<br>Quasi pi coincidenza<br>E pi casu<br>Ncegni subbutu a rrubbari<br>Non \u00e8 sfurtuna<br>Ci ti fottunu intra<br>Prima la barba<br>Ccu cumenza a &#8216;ntustari<\/p>\n\n\n\n<p class=\"has-text-align-right\">Nnu lavoru<br>Mienzu onestu pi mmei<br>Non c&#8217;\u00e8 santu<br>Cu si po&#8217; &#8216;nvintari<br>Vulia fatiava<br>Cu mi spezzu li spaddi<br>E cu stau cautu<br>Quandu rria Natali<\/p>\n\n\n\n<p class=\"has-text-align-right\">Babbu Natali<br>St&#8217;annu no&#8217; ffatiari<br>Tinci allu patrunu<br>Ca ti pu\u00e8 penziunari<br>Cu ddomila anni<br>Ti ggiusti contributi<br>\u00c8 ora tti rilassi<br>E ccu lassi alli vagnuni<br>Passa la manu<br>Non \u00e8 nna sconfitta<br>No&#8217; ti &#8216;ncapun\u00ec<br>La tua Lapponia &#8216;spetta<br>Certu non \u00e8 sulu<br>Malavolont\u00e0<br>Ma sta la leggi<br>\u00c8 la leggi<br>Prima o poi<br>Ava cangi\u00e0<br>Sta la leggi<br>\u00c8 la leggi<br>Prima o poi<br>Ava cangi\u00e0<br>Sta la leggi<br>\u00c8 la leggi<br>Prima o poi<br>Ava cangi\u00e0<\/p>\n<\/div>\n\n\n\n<div class=\"wp-block-column is-layout-flow wp-block-column-is-layout-flow\">\n<h5 class=\"wp-block-heading\">Traduzione<\/h5>\n\n\n\n<p><em>Natale<\/em><\/p>\n\n\n\n<p>Babbo Natale<br>Quest\u2019anno non lavorare<br>D\u00ec al padrone<br>Che puoi pensionarti<br>Con duemila anni<br>Di giusti contributi<br>\u00c8 ora di rilassarsi<br>E lasciare ai giovani<br>Passa la mano<br>Non \u00e8 una sconfitta<br>Non incaponirti<br>La tua Lapponia ti aspetta<br>Certo non \u00e8 solo<br>Mancanza di volont\u00e0<br>Ma questa legge<br>\u00c8 la legge<br>Prima o poi<br>Deve cambiare<\/p>\n\n\n\n<p>Non si imbiancano<br>Le nostre strade<br>Natale arriva<br>Perch\u00e9 tradizione<br>Ti siedi in tavola<br>Per ingozzarti<br>E c&#8217;\u00e8 ancora<br>Chi muore di fame<\/p>\n\n\n\n<p>Qualcuno va a messa<br>Per spettegolare<br>Comari invidiose<br>Si scambiano regali<br>\u00c8 una vita<br>Che parlano male<br>L&#8217;una dell&#8217;altra<br>Ma sono amiche<br>Quando arriva il Natale<\/p>\n\n\n\n<p>In villa<br>Giovent\u00f9 alla moda<br>Fa a gara<br>Per chi \u00e8 meglio vestito<br>Anche quest\u2019anno<br>Non arrivo primo<br>Ma mio padre<br>Ha ancora l&#8217;orgoglio<br>Di potersi guardare<br>Nello specchio<\/p>\n\n\n\n<p>La dignit\u00e0 pi\u00f9 grande<br>\u00c8 sapersi accontentare<br>Passar gli anni<br>Senza accontentarsi mai<br>E quando speri<br>Sia la volta buona,<br>\u00c8 quella buona<br>Che ti metti nei guai.<\/p>\n\n\n\n<p>Babbo Natale<br>Quest\u2019anno non lavorare<br>D\u00ec al padrone<br>Che puoi pensionarti<br>Con duemila anni<br>Di giusti contributi<br>\u00c8 ora di rilassarsi<br>E lasciare ai giovani<br>Passa la mano<br>Non \u00e8 una sconfitta<br>Non incaponirti<br>La tua Lapponia ti aspetta<br>Certo non \u00e8 solo<br>Mancanza di volont\u00e0<br>Ma questa legge<br>\u00c8 la legge<br>Prima o poi<br>Deve cambiare<\/p>\n\n\n\n<p>Quando nasci<br>Quasi per caso<br>E per caso inizi<br>Presto a rubare<br>Non \u00e8 sfortuna<br>Se ti mettono dentro<br>Prima ancora la barba<br>Inizi a spuntare<\/p>\n\n\n\n<p>Un lavoro<br>Anche borderline<br>Non c\u2019\u00e8 modo<br>Di trovarlo<br>Vorrei lavorare<br>Da spezzarmi in due<br>E stare caldo<br>Quando arriva Natale<\/p>\n\n\n\n<p>Babbo Natale<br>Quest\u2019anno non lavorare<br>D\u00ec al padrone<br>Che puoi pensionarti<br>Con duemila anni<br>Di giusti contributi<br>\u00c8 ora di rilassarsi<br>E lasciare ai giovani<br>Passa la mano<br>Non \u00e8 una sconfitta<br>Non incaponirti<br>La tua Lapponia ti aspetta<br>Certo non \u00e8 solo<br>Mancanza di volont\u00e0<br>Ma questa legge<br>\u00c8 la legge<br>Prima o poi<br>Deve cambiare<br>Questa legge<br>\u00c8 la legge<br>Prima o poi<br>Deve cambiare<br>Questa legge<br>\u00c8 la legge<br>Prima o poi<br>Deve cambiare<\/p>\n<\/div>\n<\/div>\n\n\n\n<h5 class=\"wp-block-heading\">Credits<\/h5>\n\n\n\n<ul>\n<li><a href=\"https:\/\/www.laresistenza.it\/?page_id=234\" data-type=\"page\" data-id=\"234\">Enrico Cervellera<\/a>: Testo, Musica, Voce, Synth, Backing vocals, Arrangiamento, Programmazione, Missaggio<\/li>\n\n\n\n<li><a href=\"https:\/\/www.laresistenza.it\/?page_id=512\" data-type=\"page\" data-id=\"512\">Emanuele Raganato<\/a>: Sassofono<\/li>\n\n\n\n<li><a href=\"https:\/\/www.laresistenza.it\/?page_id=582\" data-type=\"page\" data-id=\"582\">Angelo Milone<\/a>: Doun-doun<\/li>\n\n\n\n<li><a href=\"https:\/\/www.laresistenza.it\/?page_id=454\" data-type=\"page\" data-id=\"454\">Rino Marino<\/a>: Missaggio, Mastering<\/li>\n\n\n\n<li>Francesco Mangialardo: Batteria<\/li>\n<\/ul>\n<!-- AddThis Advanced Settings generic via filter on the_content --><!-- AddThis Share Buttons generic via filter on the_content -->","protected":false},"excerpt":{"rendered":"<p>Testo originale Natali Babbu NataliSt&#8217;annu no&#8217; ffatiariTinci allu patrunuCa ti pu\u00e8 penziunariCu ddomila anniTi ggiusti contributi\u00c8 ora tti rilassiE ccu lassi alli vagnuniPassa la manuNon \u00e8 nna sconfittaNo&#8217; ti &#8216;ncapun\u00ecLa tua Lapponia &#8216;spettaCertu non \u00e8 suluMalavolont\u00e0Ma sta la leggi\u00c8 la leggiPrima o poiAva cangi\u00e0 No ssi &#8216;mbiancunuLi strati ddo nuiNatali &#8216;splotiSolu pi tradizioniTi ssietti &#8216;n &hellip; <\/p>\n<p class=\"link-more\"><a href=\"https:\/\/www.laresistenza.it\/?page_id=421\" class=\"more-link\">Continue reading<span class=\"screen-reader-text\"> &#8220;Natali&#8221;<\/span><\/a><\/p>\n<p><!-- AddThis Advanced Settings generic via filter on get_the_excerpt --><!-- AddThis Share Buttons generic via filter on get_the_excerpt --><\/p>\n","protected":false},"author":1,"featured_media":0,"parent":0,"menu_order":0,"comment_status":"closed","ping_status":"closed","template":"","meta":{"footnotes":""},"_links":{"self":[{"href":"https:\/\/www.laresistenza.it\/index.php?rest_route=\/wp\/v2\/pages\/421"}],"collection":[{"href":"https:\/\/www.laresistenza.it\/index.php?rest_route=\/wp\/v2\/pages"}],"about":[{"href":"https:\/\/www.laresistenza.it\/index.php?rest_route=\/wp\/v2\/types\/page"}],"author":[{"embeddable":true,"href":"https:\/\/www.laresistenza.it\/index.php?rest_route=\/wp\/v2\/users\/1"}],"replies":[{"embeddable":true,"href":"https:\/\/www.laresistenza.it\/index.php?rest_route=%2Fwp%2Fv2%2Fcomments&post=421"}],"version-history":[{"count":4,"href":"https:\/\/www.laresistenza.it\/index.php?rest_route=\/wp\/v2\/pages\/421\/revisions"}],"predecessor-version":[{"id":992,"href":"https:\/\/www.laresistenza.it\/index.php?rest_route=\/wp\/v2\/pages\/421\/revisions\/992"}],"wp:attachment":[{"href":"https:\/\/www.laresistenza.it\/index.php?rest_route=%2Fwp%2Fv2%2Fmedia&parent=421"}],"curies":[{"name":"wp","href":"https:\/\/api.w.org\/{rel}","templated":true}]}}