{"id":454,"date":"2021-07-02T21:41:14","date_gmt":"2021-07-02T19:41:14","guid":{"rendered":"http:\/\/www.laresistenza.it\/?page_id=454"},"modified":"2021-07-03T09:45:00","modified_gmt":"2021-07-03T07:45:00","slug":"rino-marino","status":"publish","type":"page","link":"https:\/\/www.laresistenza.it\/?page_id=454","title":{"rendered":"Rino Marino"},"content":{"rendered":"\n<figure class=\"wp-block-image size-large\"><img loading=\"lazy\" decoding=\"async\" width=\"448\" height=\"336\" src=\"https:\/\/www.laresistenza.it\/wp-content\/uploads\/2021\/07\/LA-RESISTENZA-old-40.jpg\" alt=\"Rino Marino\" class=\"wp-image-469\" srcset=\"https:\/\/www.laresistenza.it\/wp-content\/uploads\/2021\/07\/LA-RESISTENZA-old-40.jpg 448w, https:\/\/www.laresistenza.it\/wp-content\/uploads\/2021\/07\/LA-RESISTENZA-old-40-300x225.jpg 300w\" sizes=\"(max-width: 448px) 100vw, 448px\" \/><figcaption>Rino Marino all&#8217;Alter Festa 2006 con La Resistenza<\/figcaption><\/figure>\n\n\n\n<p>Soundfinder. Fonico, ma non solo. Mesagnese, Rino Marino \u00e8 uno storico amico di Enrico Cervellera ed Angelo Milone. Dopo aver seguito La Resistenza nel suo tour d&#8217;esordio nel 2005, viene coinvolto nel progetto, originariamente per la sola partecipazione al concorso La Sveglia (Lecce, 2005), dove \u00e8 prevista l&#8217;iscrizione di ensemble di almento 4 elementi. La necessit\u00e0 di proporre una cover, offre l&#8217;opportunit\u00e0 a Marino di gestire in real time la backing track  eleaborata da Cervellera per la versione de La Resistenza di Dedicato, la famosa canzone di Loredana Bert\u00e8 scritta da Ivano Fossati.<\/p>\n\n\n\n<p>La vittoria introduce naturalmente Marino nell&#8217;ensemble dove, grazie alle sue straordinarie doti di fonico live e in studio, disegna i contorni acustici del genere Elettrofolk, locuzione creata con Cervellera per sintetizzare i contorni di questo stile originale che andava proponendo La Resistenza, unione di musica acustica ed elettronica.<\/p>\n\n\n\n<p>Nell&#8217;inverno 2006, Marino e Cervellera lavorano al missaggio de La ballata ti lu clandestinu, l&#8217;album d&#8217;esordio de La Resistenza. L&#8217;affiatamento tra i due e totale. Se il contributo di Cervellera si ferma al missaggio, Rino Marino firma anche e da solo il mastering dell&#8217;intero progetto. Un sound unico, che a distanza di anni suona ancora potentissimo ed attuale.<\/p>\n\n\n\n<p>Rino Marino \u00e8 accreditato quale Soundfinder, un ruolo nuovo che definisce una figura che va oltre il semplice compito di fonico per trascendere nel ricercatore di suoni, di groove, di atmosfere, di suoni. Memorabili, in tal senso, le esibizioni seguite e strutturate da Rino Marino a Rende (Cosenza, giugno 2006) e all&#8217;Alter Festa (Cisternino, agosto 2006)<\/p>\n\n\n\n<p>Nell&#8217;ottobre 2006, Rino Marino lascia il progetto, ma il suo contributo a La Resistenza resta sempre vivo grazie alla consueta disponibilit\u00e0 nell&#8217;offrire a Cervellera supporto per il perfezionamento e l&#8217;affinamento di arrangiamenti e finalizzazioni delle nuove produzioni e come al solito, quale supporto dietro al mixer quando necessario.<\/p>\n\n\n\n<figure class=\"wp-block-gallery columns-3 is-cropped wp-block-gallery-1 is-layout-flex wp-block-gallery-is-layout-flex\"><ul class=\"blocks-gallery-grid\"><li class=\"blocks-gallery-item\"><figure><img loading=\"lazy\" decoding=\"async\" width=\"1024\" height=\"856\" src=\"https:\/\/www.laresistenza.it\/wp-content\/uploads\/2021\/07\/Resistenti-48-1024x856.jpg\" alt=\"\" data-id=\"457\" data-link=\"https:\/\/www.laresistenza.it\/rino-marino\/resistenti-48\/\" class=\"wp-image-457\" srcset=\"https:\/\/www.laresistenza.it\/wp-content\/uploads\/2021\/07\/Resistenti-48-1024x856.jpg 1024w, https:\/\/www.laresistenza.it\/wp-content\/uploads\/2021\/07\/Resistenti-48-300x251.jpg 300w, https:\/\/www.laresistenza.it\/wp-content\/uploads\/2021\/07\/Resistenti-48-768x642.jpg 768w, https:\/\/www.laresistenza.it\/wp-content\/uploads\/2021\/07\/Resistenti-48-1536x1284.jpg 1536w, https:\/\/www.laresistenza.it\/wp-content\/uploads\/2021\/07\/Resistenti-48.jpg 1540w\" sizes=\"(max-width: 1024px) 100vw, 1024px\" \/><\/figure><\/li><li class=\"blocks-gallery-item\"><figure><img loading=\"lazy\" decoding=\"async\" width=\"1024\" height=\"891\" src=\"https:\/\/www.laresistenza.it\/wp-content\/uploads\/2021\/07\/Resistenti-49-1024x891.jpg\" alt=\"\" data-id=\"458\" data-link=\"https:\/\/www.laresistenza.it\/rino-marino\/resistenti-49\/\" class=\"wp-image-458\" srcset=\"https:\/\/www.laresistenza.it\/wp-content\/uploads\/2021\/07\/Resistenti-49-1024x891.jpg 1024w, https:\/\/www.laresistenza.it\/wp-content\/uploads\/2021\/07\/Resistenti-49-300x261.jpg 300w, https:\/\/www.laresistenza.it\/wp-content\/uploads\/2021\/07\/Resistenti-49-768x668.jpg 768w, https:\/\/www.laresistenza.it\/wp-content\/uploads\/2021\/07\/Resistenti-49.jpg 1458w\" sizes=\"(max-width: 1024px) 100vw, 1024px\" \/><\/figure><\/li><li class=\"blocks-gallery-item\"><figure><img loading=\"lazy\" decoding=\"async\" width=\"1024\" height=\"768\" src=\"https:\/\/www.laresistenza.it\/wp-content\/uploads\/2021\/07\/Resistenti-51-1024x768.jpg\" alt=\"\" data-id=\"459\" data-link=\"https:\/\/www.laresistenza.it\/rino-marino\/resistenti-51\/\" class=\"wp-image-459\" srcset=\"https:\/\/www.laresistenza.it\/wp-content\/uploads\/2021\/07\/Resistenti-51-1024x768.jpg 1024w, https:\/\/www.laresistenza.it\/wp-content\/uploads\/2021\/07\/Resistenti-51-300x225.jpg 300w, https:\/\/www.laresistenza.it\/wp-content\/uploads\/2021\/07\/Resistenti-51-768x576.jpg 768w, https:\/\/www.laresistenza.it\/wp-content\/uploads\/2021\/07\/Resistenti-51-1536x1152.jpg 1536w, https:\/\/www.laresistenza.it\/wp-content\/uploads\/2021\/07\/Resistenti-51.jpg 2048w\" sizes=\"(max-width: 1024px) 100vw, 1024px\" \/><\/figure><\/li><li class=\"blocks-gallery-item\"><figure><img loading=\"lazy\" decoding=\"async\" width=\"1024\" height=\"768\" src=\"https:\/\/www.laresistenza.it\/wp-content\/uploads\/2021\/07\/Resistenti-52-1024x768.jpg\" alt=\"\" data-id=\"460\" data-link=\"https:\/\/www.laresistenza.it\/rino-marino\/resistenti-52\/\" class=\"wp-image-460\" srcset=\"https:\/\/www.laresistenza.it\/wp-content\/uploads\/2021\/07\/Resistenti-52-1024x768.jpg 1024w, https:\/\/www.laresistenza.it\/wp-content\/uploads\/2021\/07\/Resistenti-52-300x225.jpg 300w, https:\/\/www.laresistenza.it\/wp-content\/uploads\/2021\/07\/Resistenti-52-768x576.jpg 768w, https:\/\/www.laresistenza.it\/wp-content\/uploads\/2021\/07\/Resistenti-52-1536x1152.jpg 1536w, https:\/\/www.laresistenza.it\/wp-content\/uploads\/2021\/07\/Resistenti-52.jpg 2048w\" sizes=\"(max-width: 1024px) 100vw, 1024px\" \/><\/figure><\/li><li class=\"blocks-gallery-item\"><figure><img loading=\"lazy\" decoding=\"async\" width=\"768\" height=\"1024\" src=\"https:\/\/www.laresistenza.it\/wp-content\/uploads\/2021\/07\/Resistenti-68-768x1024.jpg\" alt=\"\" data-id=\"461\" data-link=\"https:\/\/www.laresistenza.it\/rino-marino\/resistenti-68\/\" class=\"wp-image-461\" srcset=\"https:\/\/www.laresistenza.it\/wp-content\/uploads\/2021\/07\/Resistenti-68-768x1024.jpg 768w, https:\/\/www.laresistenza.it\/wp-content\/uploads\/2021\/07\/Resistenti-68-225x300.jpg 225w, https:\/\/www.laresistenza.it\/wp-content\/uploads\/2021\/07\/Resistenti-68-1152x1536.jpg 1152w, https:\/\/www.laresistenza.it\/wp-content\/uploads\/2021\/07\/Resistenti-68.jpg 1536w\" sizes=\"(max-width: 768px) 100vw, 768px\" \/><\/figure><\/li><li class=\"blocks-gallery-item\"><figure><img loading=\"lazy\" decoding=\"async\" width=\"1024\" height=\"957\" src=\"https:\/\/www.laresistenza.it\/wp-content\/uploads\/2021\/07\/Resistenti-69-1024x957.jpg\" alt=\"\" data-id=\"462\" data-link=\"https:\/\/www.laresistenza.it\/rino-marino\/resistenti-69\/\" class=\"wp-image-462\" srcset=\"https:\/\/www.laresistenza.it\/wp-content\/uploads\/2021\/07\/Resistenti-69-1024x957.jpg 1024w, https:\/\/www.laresistenza.it\/wp-content\/uploads\/2021\/07\/Resistenti-69-300x280.jpg 300w, https:\/\/www.laresistenza.it\/wp-content\/uploads\/2021\/07\/Resistenti-69-768x718.jpg 768w, https:\/\/www.laresistenza.it\/wp-content\/uploads\/2021\/07\/Resistenti-69.jpg 1536w\" sizes=\"(max-width: 1024px) 100vw, 1024px\" \/><\/figure><\/li><\/ul><figcaption class=\"blocks-gallery-caption\">Rino Marino<\/figcaption><\/figure>\n\n\n\n<h5 class=\"wp-block-heading\">Paiava<\/h5>\n\n\n\n<p>Mastering by Rino Marino<\/p>\n\n\n\n<figure class=\"wp-block-embed is-type-video is-provider-youtube wp-block-embed-youtube wp-embed-aspect-16-9 wp-has-aspect-ratio\"><div class=\"wp-block-embed__wrapper\">\n<iframe loading=\"lazy\" title=\"La Resistenza - Paiava\" width=\"760\" height=\"428\" src=\"https:\/\/www.youtube.com\/embed\/asyHw6_sRVQ?feature=oembed\" frameborder=\"0\" allow=\"accelerometer; autoplay; clipboard-write; encrypted-media; gyroscope; picture-in-picture\" allowfullscreen><\/iframe>\n<\/div><\/figure>\n\n\n\n<h2 class=\"wp-block-heading\">La Resistenza su Tele Rama<\/h2>\n\n\n\n<p>Rino Marino partecipa in tempo reale del sound della band: eq, delay, compressione, tutti componenti di un talento unico. Sentite che sound!<\/p>\n\n\n\n<figure class=\"wp-block-embed is-type-video is-provider-youtube wp-block-embed-youtube wp-embed-aspect-4-3 wp-has-aspect-ratio\"><div class=\"wp-block-embed__wrapper\">\n<iframe loading=\"lazy\" title=\"La Resistenza - Paiava (Live @ Tele Rama)\" width=\"760\" height=\"570\" src=\"https:\/\/www.youtube.com\/embed\/kYwLvFOERr8?feature=oembed\" frameborder=\"0\" allow=\"accelerometer; autoplay; clipboard-write; encrypted-media; gyroscope; picture-in-picture\" allowfullscreen><\/iframe>\n<\/div><\/figure>\n<!-- AddThis Advanced Settings generic via filter on the_content --><!-- AddThis Share Buttons generic via filter on the_content -->","protected":false},"excerpt":{"rendered":"<p>Soundfinder. Fonico, ma non solo. Mesagnese, Rino Marino \u00e8 uno storico amico di Enrico Cervellera ed Angelo Milone. Dopo aver seguito La Resistenza nel suo tour d&#8217;esordio nel 2005, viene coinvolto nel progetto, originariamente per la sola partecipazione al concorso La Sveglia (Lecce, 2005), dove \u00e8 prevista l&#8217;iscrizione di ensemble di almento 4 elementi. La &hellip; <\/p>\n<p class=\"link-more\"><a href=\"https:\/\/www.laresistenza.it\/?page_id=454\" class=\"more-link\">Continue reading<span class=\"screen-reader-text\"> &#8220;Rino Marino&#8221;<\/span><\/a><\/p>\n<p><!-- AddThis Advanced Settings generic via filter on get_the_excerpt --><!-- AddThis Share Buttons generic via filter on get_the_excerpt --><\/p>\n","protected":false},"author":1,"featured_media":0,"parent":99,"menu_order":0,"comment_status":"closed","ping_status":"closed","template":"template-full.php","meta":{"footnotes":""},"_links":{"self":[{"href":"https:\/\/www.laresistenza.it\/index.php?rest_route=\/wp\/v2\/pages\/454"}],"collection":[{"href":"https:\/\/www.laresistenza.it\/index.php?rest_route=\/wp\/v2\/pages"}],"about":[{"href":"https:\/\/www.laresistenza.it\/index.php?rest_route=\/wp\/v2\/types\/page"}],"author":[{"embeddable":true,"href":"https:\/\/www.laresistenza.it\/index.php?rest_route=\/wp\/v2\/users\/1"}],"replies":[{"embeddable":true,"href":"https:\/\/www.laresistenza.it\/index.php?rest_route=%2Fwp%2Fv2%2Fcomments&post=454"}],"version-history":[{"count":4,"href":"https:\/\/www.laresistenza.it\/index.php?rest_route=\/wp\/v2\/pages\/454\/revisions"}],"predecessor-version":[{"id":482,"href":"https:\/\/www.laresistenza.it\/index.php?rest_route=\/wp\/v2\/pages\/454\/revisions\/482"}],"up":[{"embeddable":true,"href":"https:\/\/www.laresistenza.it\/index.php?rest_route=\/wp\/v2\/pages\/99"}],"wp:attachment":[{"href":"https:\/\/www.laresistenza.it\/index.php?rest_route=%2Fwp%2Fv2%2Fmedia&parent=454"}],"curies":[{"name":"wp","href":"https:\/\/api.w.org\/{rel}","templated":true}]}}