{"id":839,"date":"2022-04-07T20:32:00","date_gmt":"2022-04-07T18:32:00","guid":{"rendered":"http:\/\/www.laresistenza.it\/?page_id=839"},"modified":"2024-09-27T13:19:22","modified_gmt":"2024-09-27T11:19:22","slug":"ci-bastava-lamore","status":"publish","type":"page","link":"https:\/\/www.laresistenza.it\/?page_id=839","title":{"rendered":"Ci bastava l&#8217;amore"},"content":{"rendered":"\n<figure class=\"wp-block-embed is-type-video is-provider-youtube wp-block-embed-youtube wp-embed-aspect-16-9 wp-has-aspect-ratio\"><div class=\"wp-block-embed__wrapper\">\n<iframe loading=\"lazy\" title=\"La Resistenza - Ci bastava l\u2019amore (Videoclip ufficiale)\" width=\"760\" height=\"428\" src=\"https:\/\/www.youtube.com\/embed\/6ss_U9EI6AU?feature=oembed\" frameborder=\"0\" allow=\"accelerometer; autoplay; clipboard-write; encrypted-media; gyroscope; picture-in-picture; web-share\" referrerpolicy=\"strict-origin-when-cross-origin\" allowfullscreen><\/iframe>\n<\/div><\/figure>\n\n\n\n<h5 class=\"wp-block-heading has-text-align-center\">Testo<\/h5>\n\n\n\n<p class=\"has-text-align-center\"><em>Ci bastava l&#8217;amore<\/em><\/p>\n\n\n\n<p class=\"has-text-align-center\">Non mi piace ricordare<br>Quel che vuoi non ricordare<br>Le promesse sottovoce<br>Le premesse s\u00ec migliori<br>Ci bastava l&#8217;amore<br>E fare insieme due risate<br>E poco pi\u00f9&nbsp;<\/p>\n\n\n\n<p class=\"has-text-align-center\">Non mi piace mentire<br>E dire tutto va bene<br>Mostrare tutte le mie pene<br>Cui prodest non conviene<br>Ci bastava l&#8217;amore<br>E litigare quel che basta e niente pi\u00f9<\/p>\n\n\n\n<p class=\"has-text-align-center\">Ora vuoi di pi\u00f9<br>Ma decidi tu<br>Poi mi butti gi\u00f9<br>Su e gi\u00f9<br>Su e gi\u00f9<br>Su e gi\u00f9<br>Su e gi\u00f9<\/p>\n\n\n\n<p class=\"has-text-align-center\">Ci bastava l&#8217;amore<br>Ci bastava l&#8217;amore<br>Ci bastava l&#8217;amore<br>Senza perdersi in parole<br>Oggi parli per ore<br>Ed aumenta il rancore<br>Dove trovi le forze, L&#8217;energia<br>E le parole<br>Forse mangi meno fritti<br>Con chi va meno di fretta<br>La pazienza sai \u00e8 alla frutta<br>Mondial Casa \u00e8 che ti aspetta<\/p>\n\n\n\n<p class=\"has-text-align-center\">Non ti ho chiesto di amarmi<br>N\u00e9 di volermi bene<br>Ma raggiunta l&#8217;indipendenza<br>Hai detto sai se ti conviene<br>Basterebbe l&#8217;amore<br>Ma che ci vuoi fare<br>Io sono fatta cos\u00ec&nbsp;<\/p>\n\n\n\n<p class=\"has-text-align-center\">Resta solo mezza strofa<br>Per gridare brindare alla la mia rabbia<br>Come un t&#8217;amo detto in fretta<br>Scritto a fuoco nella sabbia<br>Basterebbe l&#8217;amore<br>Signore, mi pu\u00f2 condannare<br>Ma basterebbe l&#8217;amore<\/p>\n\n\n\n<p class=\"has-text-align-center\">E invece mi butto gi\u00f9<br>Qui manchi tu<br>Su e gi\u00f9<br>Su e gi\u00f9<br>Su e gi\u00f9<br>Su e gi\u00f9<\/p>\n\n\n\n<p class=\"has-text-align-center\">Ci bastava l&#8217;amore<br>Ci bastava l&#8217;amore<br>Ci bastava l&#8217;amore<br>Senza perdersi in parole<br>Oggi parli per ore<br>Ed aumenta il rancore<br>Dove trovi le forze, l&#8217;energia<br>E le parole<br>Forse mangi meno fritti<br>Con chi va meno di fretta<br>La pazienza sai \u00e8 alla frutta<br>Mondial Casa \u00e8 che ti aspetta<\/p>\n\n\n\n<h5 class=\"wp-block-heading\">Credits<\/h5>\n\n\n\n<ul>\n<li><a href=\"https:\/\/www.laresistenza.it\/?page_id=234\" data-type=\"page\" data-id=\"234\">Enrico Cervellera<\/a>: Testo, Musica, Voce, Synth, Backing vocals, Arrangiamento, Programmazione, Missaggio, Mastering<\/li>\n\n\n\n<li><a href=\"https:\/\/www.laresistenza.it\/?page_id=789\" data-type=\"page\" data-id=\"789\">Pat Calia<\/a>: Percussioni elettroniche<\/li>\n<\/ul>\n<!-- AddThis Advanced Settings generic via filter on the_content --><!-- AddThis Share Buttons generic via filter on the_content -->","protected":false},"excerpt":{"rendered":"<p>Testo Ci bastava l&#8217;amore Non mi piace ricordareQuel che vuoi non ricordareLe promesse sottovoceLe premesse s\u00ec miglioriCi bastava l&#8217;amoreE fare insieme due risateE poco pi\u00f9&nbsp; Non mi piace mentireE dire tutto va beneMostrare tutte le mie peneCui prodest non convieneCi bastava l&#8217;amoreE litigare quel che basta e niente pi\u00f9 Ora vuoi di pi\u00f9Ma decidi tuPoi &hellip; <\/p>\n<p class=\"link-more\"><a href=\"https:\/\/www.laresistenza.it\/?page_id=839\" class=\"more-link\">Continue reading<span class=\"screen-reader-text\"> &#8220;Ci bastava l&#8217;amore&#8221;<\/span><\/a><\/p>\n<p><!-- AddThis Advanced Settings generic via filter on get_the_excerpt --><!-- AddThis Share Buttons generic via filter on get_the_excerpt --><\/p>\n","protected":false},"author":1,"featured_media":851,"parent":103,"menu_order":0,"comment_status":"closed","ping_status":"closed","template":"","meta":{"footnotes":""},"_links":{"self":[{"href":"https:\/\/www.laresistenza.it\/index.php?rest_route=\/wp\/v2\/pages\/839"}],"collection":[{"href":"https:\/\/www.laresistenza.it\/index.php?rest_route=\/wp\/v2\/pages"}],"about":[{"href":"https:\/\/www.laresistenza.it\/index.php?rest_route=\/wp\/v2\/types\/page"}],"author":[{"embeddable":true,"href":"https:\/\/www.laresistenza.it\/index.php?rest_route=\/wp\/v2\/users\/1"}],"replies":[{"embeddable":true,"href":"https:\/\/www.laresistenza.it\/index.php?rest_route=%2Fwp%2Fv2%2Fcomments&post=839"}],"version-history":[{"count":10,"href":"https:\/\/www.laresistenza.it\/index.php?rest_route=\/wp\/v2\/pages\/839\/revisions"}],"predecessor-version":[{"id":979,"href":"https:\/\/www.laresistenza.it\/index.php?rest_route=\/wp\/v2\/pages\/839\/revisions\/979"}],"up":[{"embeddable":true,"href":"https:\/\/www.laresistenza.it\/index.php?rest_route=\/wp\/v2\/pages\/103"}],"wp:featuredmedia":[{"embeddable":true,"href":"https:\/\/www.laresistenza.it\/index.php?rest_route=\/wp\/v2\/media\/851"}],"wp:attachment":[{"href":"https:\/\/www.laresistenza.it\/index.php?rest_route=%2Fwp%2Fv2%2Fmedia&parent=839"}],"curies":[{"name":"wp","href":"https:\/\/api.w.org\/{rel}","templated":true}]}}